{"id":37,"date":"2015-08-14T11:55:27","date_gmt":"2015-08-14T11:55:27","guid":{"rendered":"http:\/\/wp.ladyedelweiss.de\/?page_id=37"},"modified":"2021-02-10T14:37:25","modified_gmt":"2021-02-10T14:37:25","slug":"37-2","status":"publish","type":"page","link":"https:\/\/ladyedelweiss.de\/?page_id=37","title":{"rendered":"Impressum"},"content":{"rendered":"<div id=\"pl-37\"  class=\"panel-layout\" ><div id=\"pg-37-0\"  class=\"panel-grid panel-no-style\" ><div id=\"pgc-37-0-0\"  class=\"panel-grid-cell\" ><div id=\"panel-37-0-0-0\" class=\"so-panel widget widget_black-studio-tinymce widget_black_studio_tinymce panel-first-child panel-last-child\" data-index=\"0\" ><div class=\"textwidget\"><p>Lady Edelweiss<br \/>\nSudetenstr. 29 a<br \/>\n82031 Gr\u00fcnwald<\/p>\n<p>Tel. +49 (0) 89 96 990 990<br \/>\nFax +49 (0) 89 560 160 87<br \/>\nMobil +49 (0) 171 925 08 07<br \/>\nEmail: info@ladyedelweiss.de<br \/>\nWebsite : www.ladyedelweiss.de<\/p>\n<p>Juristische Angaben<br \/>\nRechtsform: Einzelfirma<br \/>\nGewerbeanmeldung \u00a7 14 \/ 55 c GewO Gemeinde Gr\u00fcnwald<br \/>\nGesch\u00e4ftsf\u00fchrer: Peter Westermeier<br \/>\nUSt-Ident-Nr.: DE 130676423<br \/>\nKonzeption und Design<br \/>\nPeter Westermeier<br \/>\npr@ladyedelweiss.de<br \/>\nLady Edelweiss<\/p>\n<p>Zurverf\u00fcgungstellung von Daten und Informationen<\/p>\n<p>Lady Edelweiss bem\u00fcht sich, dass die auf dieser Website enthaltenen Informationen und Daten zutreffend sind. Eine Gew\u00e4hr oder Haftung f\u00fcr die Aktualit\u00e4t, Richtigkeit und Vollst\u00e4ndigkeit der zur Verf\u00fcgung gestellten Informationen und Daten ist allerdings ausgeschlossen.<\/p>\n<p>Lady Edelweiss beh\u00e4lt sich vor, ohne Ank\u00fcndigung \u00c4nderungen oder Erg\u00e4nzungen der bereitgestellten Informationen oder Daten vorzunehmen.<\/p>\n<p>Soweit unsere Internetseiten in die Zukunft gerichtete Aussagen enthalten, bauen diese Aussagen auf \u00dcberzeugungen und Einsch\u00e4tzungen der Firma Lady Edelweiss auf und unterliegen damit Risiken und Unsicherheiten. Eine Haftung f\u00fcr solche Aussagen wird ausdr\u00fccklich ausgeschlossen.<\/p>\n<p>Links und Verweise (Disclaimer)<\/p>\n<p>Von den eigenen Inhalten der Firma Lady Edelweiss sind Querverweise (\"Links\") auf die Webseiten anderer Anbieter gesetzt, durch welche lediglich Zugang zu fremden Inhalten er\u00f6ffnet wird. F\u00fcr diese fremden Inhalte ist die Firma Lady Edelweiss nicht verantwortlich.<\/p>\n<p>Copyright<\/p>\n<p>Falls nicht anders angegeben sind Inhalt und Struktur der Webseiten der Firma Lady Edelweiss urheberrechtlich gesch\u00fctzt. Dies gilt insbesondere f\u00fcr Texte, Bilder, Grafiken, Ton-, Video- oder Animationsdateien einschlie\u00dflich deren Anordnung auf den Seiten. Eine Vervielf\u00e4ltigung oder Verwendung der Seiten oder ihrer Inhalte (oder Teilen davon) ist ohne vorherige gesonderte Zustimmung des jeweiligen Rechteinhabers nicht gestattet. Das Gleiche gilt f\u00fcr die Nutzung von Marken oder Kennzeichen, die innerhalb des Internetangebots genannt oder abgebildet sind.<\/p>\n<\/div><\/div><\/div><\/div><\/div>","protected":false},"excerpt":{"rendered":"<p>Lady Edelweiss Sudetenstr. 29 a 82031 Gr\u00fcnwald Tel. +49 (0) 89 96 990 990 Fax +49 (0) 89 560 160 87 Mobil +49 (0) 171 925 08 07 Email: info@ladyedelweiss.de Website : www.ladyedelweiss.de Juristische Angaben Rechtsform: Einzelfirma Gewerbeanmeldung \u00a7 14 \/ 55 c GewO Gemeinde Gr\u00fcnwald Gesch\u00e4ftsf\u00fchrer: Peter Westermeier USt-Ident-Nr.: DE 130676423 Konzeption und Design &#8230; <a title=\"Impressum\" class=\"read-more\" href=\"https:\/\/ladyedelweiss.de\/?page_id=37\" aria-label=\"Mehr Informationen \u00fcber Impressum\">Weiterlesen<\/a><\/p>\n","protected":false},"author":5,"featured_media":0,"parent":0,"menu_order":5,"comment_status":"closed","ping_status":"closed","template":"","meta":{"footnotes":""},"class_list":["post-37","page","type-page","status-publish"],"_links":{"self":[{"href":"https:\/\/ladyedelweiss.de\/index.php?rest_route=\/wp\/v2\/pages\/37","targetHints":{"allow":["GET"]}}],"collection":[{"href":"https:\/\/ladyedelweiss.de\/index.php?rest_route=\/wp\/v2\/pages"}],"about":[{"href":"https:\/\/ladyedelweiss.de\/index.php?rest_route=\/wp\/v2\/types\/page"}],"author":[{"embeddable":true,"href":"https:\/\/ladyedelweiss.de\/index.php?rest_route=\/wp\/v2\/users\/5"}],"replies":[{"embeddable":true,"href":"https:\/\/ladyedelweiss.de\/index.php?rest_route=%2Fwp%2Fv2%2Fcomments&post=37"}],"version-history":[{"count":3,"href":"https:\/\/ladyedelweiss.de\/index.php?rest_route=\/wp\/v2\/pages\/37\/revisions"}],"predecessor-version":[{"id":2247,"href":"https:\/\/ladyedelweiss.de\/index.php?rest_route=\/wp\/v2\/pages\/37\/revisions\/2247"}],"wp:attachment":[{"href":"https:\/\/ladyedelweiss.de\/index.php?rest_route=%2Fwp%2Fv2%2Fmedia&parent=37"}],"curies":[{"name":"wp","href":"https:\/\/api.w.org\/{rel}","templated":true}]}}